{"id":1805,"date":"2022-01-24T15:31:24","date_gmt":"2022-01-24T14:31:24","guid":{"rendered":"https:\/\/hotelsuissechampery.ch\/allgemeine-geschaeftsbedingungen\/"},"modified":"2025-07-16T15:08:43","modified_gmt":"2025-07-16T13:08:43","slug":"allgemeine-geschaeftsbedingungen","status":"publish","type":"page","link":"https:\/\/hotelsuissechampery.ch\/de\/allgemeine-geschaeftsbedingungen\/","title":{"rendered":"Allgemeine Gesch\u00e4ftsbedingungen"},"content":{"rendered":"<div class=\"wpb-content-wrapper\"><p>[vc_row][vc_column]<div class=\"dfd-spacer-module\"  data-units=\"px\" data-wide_resolution=\"1280\" data-wide_size=\"100\" data-normal_resolution=\"1024\" data-normal_size=\"100\" data-tablet_resolution=\"800\" data-tablet_size=\"100\" data-mobile_resolution=\"480\" data-mobile_size=\"100\" style=\"height: 100px;\"><\/div><div class=\"dfd-heading-shortcode\"><div class=\"dfd-heading-module-wrap  text-left style_01 dfd-heading-6a033fceb8d98 dfd-disable-resposive-headings\" id=\"dfd-heading-6a033fceb8d98\" ><div class=\"inline-block\"><div class=\"dfd-heading-module\"><h2 class=\"widget-title dfd-title \" style=\"\">Allgemeine Gesch\u00e4ftsbedingungen des Hotels Suisse in Champ\u00e9ry<\/h2><\/div><\/div><\/div><script type=\"text\/javascript\">\r\n\t\t\t\t\t\t\t\t\t(function($) {\r\n\t\t\t\t\t\t\t\t\t\t$(\"head\").append(\"<style>.dfd-heading-6a033fceb8d98.dfd-heading-module-wrap .dfd-heading-module .dfd-heading-delimiter {margin-top:10px;margin-bottom:10px;}<\/style>\");\r\n\t\t\t\t\t\t\t\t\t})(jQuery);\r\n\t\t\t\t\t\t\t\t<\/script><\/div><div class=\"dfd-spacer-module\"  data-units=\"px\" data-wide_resolution=\"1280\" data-wide_size=\"30\" data-normal_resolution=\"1024\" data-normal_size=\"30\" data-tablet_resolution=\"800\" data-tablet_size=\"30\" data-mobile_resolution=\"480\" data-mobile_size=\"30\" style=\"height: 30px;\"><\/div><div class=\"dfd-heading-shortcode\"><div class=\"dfd-heading-module-wrap  text-left style_01 dfd-heading-6a033fceb8fa2 dfd-disable-resposive-headings\" id=\"dfd-heading-6a033fceb8fa2\" ><div class=\"inline-block\"><div class=\"dfd-heading-module\"><h2 class=\"widget-title dfd-title \" style=\"\">Reservierung<\/h2><\/div><\/div><\/div><script type=\"text\/javascript\">\r\n\t\t\t\t\t\t\t\t\t(function($) {\r\n\t\t\t\t\t\t\t\t\t\t$(\"head\").append(\"<style>.dfd-heading-6a033fceb8fa2.dfd-heading-module-wrap .dfd-heading-module .dfd-heading-delimiter {margin-top:10px;margin-bottom:10px;}<\/style>\");\r\n\t\t\t\t\t\t\t\t\t})(jQuery);\r\n\t\t\t\t\t\t\t\t<\/script><\/div>[vc_column_text]Vereinbarungen und \u00c4nderungen, die die Buchung von Leistungen des Hotels Schweiz betreffen, gelten f\u00fcr das Hotel erst dann als verbindlich und endg\u00fcltig, wenn sie vom Kunden und vom Hotel gegenseitig best\u00e4tigt worden sind. Die tats\u00e4chlichen Leistungen sind diejenigen, die in der Buchungsbest\u00e4tigung angegeben sind.[\/vc_column_text][\/vc_column][\/vc_row][vc_row][vc_column]<div class=\"dfd-spacer-module\"  data-units=\"px\" data-wide_resolution=\"1280\" data-wide_size=\"30\" data-normal_resolution=\"1024\" data-normal_size=\"30\" data-tablet_resolution=\"800\" data-tablet_size=\"30\" data-mobile_resolution=\"480\" data-mobile_size=\"30\" style=\"height: 30px;\"><\/div><div class=\"dfd-heading-shortcode\"><div class=\"dfd-heading-module-wrap  text-left style_01 dfd-heading-6a033fceb9129 dfd-disable-resposive-headings\" id=\"dfd-heading-6a033fceb9129\" ><div class=\"inline-block\"><div class=\"dfd-heading-module\"><h2 class=\"widget-title dfd-title \" style=\"\">Tarife<\/h2><\/div><\/div><\/div><script type=\"text\/javascript\">\r\n\t\t\t\t\t\t\t\t\t(function($) {\r\n\t\t\t\t\t\t\t\t\t\t$(\"head\").append(\"<style>.dfd-heading-6a033fceb9129.dfd-heading-module-wrap .dfd-heading-module .dfd-heading-delimiter {margin-top:10px;margin-bottom:10px;}<\/style>\");\r\n\t\t\t\t\t\t\t\t\t})(jQuery);\r\n\t\t\t\t\t\t\t\t<\/script><\/div>[vc_column_text]Alle Preise sind in Schweizer Franken angegeben und beinhalten den Service und die Mehrwertsteuer. Die in Euro angegebenen Preise sind Richtwerte. Der Wechselkurs f\u00fcr ausl\u00e4ndische W\u00e4hrungen ist der Tageskurs.  <\/p>\n<p>Die Zahlung der Kurtaxe ist nicht im Preis inbegriffen und wird vor Ort beglichen.<\/p>\n<p>Neben der Barzahlung akzeptieren wir auch die Zahlung per Bank\u00fcberweisung, Debitkarten, Kreditkarten, Postcard und TWINT.[\/vc_column_text]<div class=\"dfd-spacer-module\"  data-units=\"px\" data-wide_resolution=\"1280\" data-wide_size=\"30\" data-normal_resolution=\"1024\" data-normal_size=\"30\" data-tablet_resolution=\"800\" data-tablet_size=\"30\" data-mobile_resolution=\"480\" data-mobile_size=\"30\" style=\"height: 30px;\"><\/div>[vc_column_text]<\/p>\n<p style=\"font-size: 18px; color: #333333;\"><strong>M\u00f6chten Sie Ihre Zahlung lieber per Bank\u00fcberweisung t\u00e4tigen?<\/strong><\/p>\n<p><strong>Kontoinhaber <\/strong>: Hotel Suisse Champery SA \/Rue du village 55 \/ 1874 Champery<br \/>\n<strong>Bank<\/strong>: UBS 1874 Monthey<br \/>\n<strong>IBAN<\/strong> : CH67 0027 7277 1233 4201 Y<br \/>\n<strong>Bic-Swift<\/strong> : UBSWCHZH80A<br \/>\n<strong>Clearing<\/strong> : 277[\/vc_column_text][\/vc_column][\/vc_row][vc_row][vc_column]<div class=\"dfd-spacer-module\"  data-units=\"px\" data-wide_resolution=\"1280\" data-wide_size=\"30\" data-normal_resolution=\"1024\" data-normal_size=\"30\" data-tablet_resolution=\"800\" data-tablet_size=\"30\" data-mobile_resolution=\"480\" data-mobile_size=\"30\" style=\"height: 30px;\"><\/div><div class=\"dfd-heading-shortcode\"><div class=\"dfd-heading-module-wrap  text-left style_01 dfd-heading-6a033fceb92fe dfd-disable-resposive-headings\" id=\"dfd-heading-6a033fceb92fe\" ><div class=\"inline-block\"><div class=\"dfd-heading-module\"><h2 class=\"widget-title dfd-title \" style=\"\">Ankunft und Abreise<\/h2><\/div><\/div><\/div><script type=\"text\/javascript\">\r\n\t\t\t\t\t\t\t\t\t(function($) {\r\n\t\t\t\t\t\t\t\t\t\t$(\"head\").append(\"<style>.dfd-heading-6a033fceb92fe.dfd-heading-module-wrap .dfd-heading-module .dfd-heading-delimiter {margin-top:10px;margin-bottom:10px;}<\/style>\");\r\n\t\t\t\t\t\t\t\t\t})(jQuery);\r\n\t\t\t\t\t\t\t\t<\/script><\/div>[vc_column_text]Sofern nicht anders vereinbart, kann das Zimmer am Anreisetag von 16:00 Uhr bis Mitternacht bezogen werden. Die R\u00e4umung des Zimmers am Abreisetag muss bis sp\u00e4testens 12.00 Uhr erfolgen. Die Zimmer werden in der best\u00e4tigten Kategorie und je nach Verf\u00fcgbarkeit bereitgestellt.[\/vc_column_text][\/vc_column][\/vc_row][vc_row][vc_column]<div class=\"dfd-spacer-module\"  data-units=\"px\" data-wide_resolution=\"1280\" data-wide_size=\"30\" data-normal_resolution=\"1024\" data-normal_size=\"30\" data-tablet_resolution=\"800\" data-tablet_size=\"30\" data-mobile_resolution=\"480\" data-mobile_size=\"30\" style=\"height: 30px;\"><\/div><div class=\"dfd-heading-shortcode\"><div class=\"dfd-heading-module-wrap  text-left style_01 dfd-heading-6a033fceb9453 dfd-disable-resposive-headings\" id=\"dfd-heading-6a033fceb9453\" ><div class=\"inline-block\"><div class=\"dfd-heading-module\"><h2 class=\"widget-title dfd-title \" style=\"\">Absage<\/h2><\/div><\/div><\/div><script type=\"text\/javascript\">\r\n\t\t\t\t\t\t\t\t\t(function($) {\r\n\t\t\t\t\t\t\t\t\t\t$(\"head\").append(\"<style>.dfd-heading-6a033fceb9453.dfd-heading-module-wrap .dfd-heading-module .dfd-heading-delimiter {margin-top:10px;margin-bottom:10px;}<\/style>\");\r\n\t\t\t\t\t\t\t\t\t})(jQuery);\r\n\t\t\t\t\t\t\t\t<\/script><\/div>[vc_column_text]Im Falle einer Stornierung werden die als Vorauszahlung geleisteten Betr\u00e4ge nicht zur\u00fcckerstattet. Wenn es uns m\u00f6glich ist, den gesamten oder einen Teil des gebuchten, aber nicht genutzten Aufenthalts weiterzuverkaufen, werden die entsprechenden Betr\u00e4ge zur\u00fcckerstattet. Sofern nicht anders vereinbart, werden bei Stornierungen, die bis zu 21 Tage vor dem Ankunftsdatum erfolgen, 100 % des Preises f\u00fcr das gebuchte Zimmer und das Fr\u00fchst\u00fcck in Rechnung gestellt. Der Gast ist direkt f\u00fcr seine Ankunft in der Einrichtung verantwortlich. Bei versp\u00e4teter Ankunft aufgrund von Unruhen und Behinderungen bei den benutzten privaten oder \u00f6ffentlichen Verkehrsmitteln (einschlie\u00dflich Zug und Flugzeug) usw. sowie aufgrund pers\u00f6nlicher Umst\u00e4nde wird keine R\u00fcckerstattung geleistet. Bei vorzeitiger Abreise ist der volle Betrag f\u00e4llig. No-show&#8220;-Zimmer, die nicht belegt werden, werden zu 100% in Rechnung gestellt.[\/vc_column_text]<div class=\"dfd-spacer-module\"  data-units=\"px\" data-wide_resolution=\"1280\" data-wide_size=\"30\" data-normal_resolution=\"1024\" data-normal_size=\"30\" data-tablet_resolution=\"800\" data-tablet_size=\"30\" data-mobile_resolution=\"480\" data-mobile_size=\"30\" style=\"height: 30px;\"><\/div>[vc_column_text]<\/p>\n<p style=\"color: #333333; font-size: 18px;\"><strong>Wir empfehlen dringend, eine Reiser\u00fccktrittsversicherung abzuschlie\u00dfen, in der Regel bei Ihrer Hausversicherung.<\/strong><\/p>\n<p>[\/vc_column_text][\/vc_column][\/vc_row][vc_row][vc_column]<div class=\"dfd-spacer-module\"  data-units=\"px\" data-wide_resolution=\"1280\" data-wide_size=\"30\" data-normal_resolution=\"1024\" data-normal_size=\"30\" data-tablet_resolution=\"800\" data-tablet_size=\"30\" data-mobile_resolution=\"480\" data-mobile_size=\"30\" style=\"height: 30px;\"><\/div><div class=\"dfd-heading-shortcode\"><div class=\"dfd-heading-module-wrap  text-left style_01 dfd-heading-6a033fceb9624 dfd-disable-resposive-headings\" id=\"dfd-heading-6a033fceb9624\" ><div class=\"inline-block\"><div class=\"dfd-heading-module\"><h2 class=\"widget-title dfd-title \" style=\"\">Haustiere<\/h2><\/div><\/div><\/div><script type=\"text\/javascript\">\r\n\t\t\t\t\t\t\t\t\t(function($) {\r\n\t\t\t\t\t\t\t\t\t\t$(\"head\").append(\"<style>.dfd-heading-6a033fceb9624.dfd-heading-module-wrap .dfd-heading-module .dfd-heading-delimiter {margin-top:10px;margin-bottom:10px;}<\/style>\");\r\n\t\t\t\t\t\t\t\t\t})(jQuery);\r\n\t\t\t\t\t\t\t\t<\/script><\/div>[vc_column_text]Ihre Haustiere sind gegen einen Aufpreis von CHF 20.-\/Nacht willkommen.[\/vc_column_text][\/vc_column][\/vc_row][vc_row][vc_column]<div class=\"dfd-spacer-module\"  data-units=\"px\" data-wide_resolution=\"1280\" data-wide_size=\"30\" data-normal_resolution=\"1024\" data-normal_size=\"30\" data-tablet_resolution=\"800\" data-tablet_size=\"30\" data-mobile_resolution=\"480\" data-mobile_size=\"30\" style=\"height: 30px;\"><\/div><div class=\"dfd-heading-shortcode\"><div class=\"dfd-heading-module-wrap  text-left style_01 dfd-heading-6a033fceb977b dfd-disable-resposive-headings\" id=\"dfd-heading-6a033fceb977b\" ><div class=\"inline-block\"><div class=\"dfd-heading-module\"><h2 class=\"widget-title dfd-title \" style=\"\">Rauchen<\/h2><\/div><\/div><\/div><script type=\"text\/javascript\">\r\n\t\t\t\t\t\t\t\t\t(function($) {\r\n\t\t\t\t\t\t\t\t\t\t$(\"head\").append(\"<style>.dfd-heading-6a033fceb977b.dfd-heading-module-wrap .dfd-heading-module .dfd-heading-delimiter {margin-top:10px;margin-bottom:10px;}<\/style>\");\r\n\t\t\t\t\t\t\t\t\t})(jQuery);\r\n\t\t\t\t\t\t\t\t<\/script><\/div>[vc_column_text]In Anwendung des Gesundheitsgesetzes vom 14. Februar 2008 ist unser Hotel eine rauchfreie Einrichtung. Aus diesem Grund bitten wir Sie, auf das Rauchen in der Anlage oder in den Zimmern zu verzichten. <\/p>\n<p>Auf den Balkonen und der Terrasse stehen Ihnen Aschenbecher zur Verf\u00fcgung. Wir weisen Sie darauf hin, dass die Nichtbeachtung des Rauchverbots strafbar ist. Sollten wir Ihr Zimmer aufgrund der Missachtung des Rauchverbots nicht wieder beziehen k\u00f6nnen, behalten wir uns das Recht vor, Ihnen eventuelle Reinigungskosten sowie den daraus resultierenden Verdienstausfall in Rechnung zu stellen.[\/vc_column_text][\/vc_column][\/vc_row][vc_row][vc_column]<div class=\"dfd-spacer-module\"  data-units=\"px\" data-wide_resolution=\"1280\" data-wide_size=\"30\" data-normal_resolution=\"1024\" data-normal_size=\"30\" data-tablet_resolution=\"800\" data-tablet_size=\"30\" data-mobile_resolution=\"480\" data-mobile_size=\"30\" style=\"height: 30px;\"><\/div><div class=\"dfd-heading-shortcode\"><div class=\"dfd-heading-module-wrap  text-left style_01 dfd-heading-6a033fceb98d7 dfd-disable-resposive-headings\" id=\"dfd-heading-6a033fceb98d7\" ><div class=\"inline-block\"><div class=\"dfd-heading-module\"><h2 class=\"widget-title dfd-title \" style=\"\">Verantwortung des Hotels<\/h2><\/div><\/div><\/div><script type=\"text\/javascript\">\r\n\t\t\t\t\t\t\t\t\t(function($) {\r\n\t\t\t\t\t\t\t\t\t\t$(\"head\").append(\"<style>.dfd-heading-6a033fceb98d7.dfd-heading-module-wrap .dfd-heading-module .dfd-heading-delimiter {margin-top:10px;margin-bottom:10px;}<\/style>\");\r\n\t\t\t\t\t\t\t\t\t})(jQuery);\r\n\t\t\t\t\t\t\t\t<\/script><\/div>[vc_column_text]Das Hotel \u00fcbernimmt die Haftung f\u00fcr Gegenst\u00e4nde, die den G\u00e4sten geh\u00f6ren, in Anwendung der gesetzlichen Bestimmungen. Die Haftung f\u00fcr leichte Fahrl\u00e4ssigkeit ist ausdr\u00fccklich ausgeschlossen. Sollte der Kunde einen Schaden erleiden oder mit den Leistungen des Hotels nicht zufrieden sein, muss er das Hotel unverz\u00fcglich, sp\u00e4testens jedoch innerhalb von 24 Stunden, dar\u00fcber informieren. Andernfalls kann er seinen Anspruch auf Schadenersatz nicht mehr geltend machen. Wenn das Hotel dem Kunden das\/die vereinbarte(n) Zimmer nicht zur Verf\u00fcgung stellt, haftet es f\u00fcr den vom Kunden erlittenen Schaden, sofern dieser nachweisbar ist. Sollte das Hotel nicht in der Lage sein, dem Kunden das\/die gebuchte(n) Zimmer zum Zeitpunkt seiner Ankunft zur Verf\u00fcgung zu stellen, sorgt das Hotel f\u00fcr eine Ersatzunterkunft und tr\u00e4gt den Teil der Kosten, der \u00fcber den urspr\u00fcnglich gew\u00e4hrten Vertragspreis hinausgeht (Transport, Unterkunft usw.). Alle Anspr\u00fcche gegen das Hotel verj\u00e4hren grunds\u00e4tzlich innerhalb von 30 Tagen nach der Abreise des Gastes, sofern nicht zwingende gesetzliche Bestimmungen l\u00e4ngere Fristen vorsehen.[\/vc_column_text][\/vc_column][\/vc_row][vc_row][vc_column]<div class=\"dfd-spacer-module\"  data-units=\"px\" data-wide_resolution=\"1280\" data-wide_size=\"30\" data-normal_resolution=\"1024\" data-normal_size=\"30\" data-tablet_resolution=\"800\" data-tablet_size=\"30\" data-mobile_resolution=\"480\" data-mobile_size=\"30\" style=\"height: 30px;\"><\/div><div class=\"dfd-heading-shortcode\"><div class=\"dfd-heading-module-wrap  text-left style_01 dfd-heading-6a033fceb9a0e dfd-disable-resposive-headings\" id=\"dfd-heading-6a033fceb9a0e\" ><div class=\"inline-block\"><div class=\"dfd-heading-module\"><h2 class=\"widget-title dfd-title \" style=\"\">Schlussbestimmungen<\/h2><\/div><\/div><\/div><script type=\"text\/javascript\">\r\n\t\t\t\t\t\t\t\t\t(function($) {\r\n\t\t\t\t\t\t\t\t\t\t$(\"head\").append(\"<style>.dfd-heading-6a033fceb9a0e.dfd-heading-module-wrap .dfd-heading-module .dfd-heading-delimiter {margin-top:10px;margin-bottom:10px;}<\/style>\");\r\n\t\t\t\t\t\t\t\t\t})(jQuery);\r\n\t\t\t\t\t\t\t\t<\/script><\/div>[vc_column_text]Die Allgemeinen Gesch\u00e4ftsbedingungen werden in deutscher, franz\u00f6sischer und englischer Sprache herausgegeben. Im Falle von Widerspr\u00fcchen ist nur die Ausgabe in franz\u00f6sischer Sprache ma\u00dfgeblich. \u00c4nderungen oder Erg\u00e4nzungen des Vertrags oder der Buchungsbest\u00e4tigung bed\u00fcrfen stets der Schriftform. Einseitige \u00c4nderungen oder Erg\u00e4nzungen sind unwirksam.   <\/p>\n<p>Sie akzeptieren die Allgemeinen Gesch\u00e4ftsbedingungen mit der Best\u00e4tigung Ihrer Buchung oder auf der einseitigen Buchungsbest\u00e4tigung.[\/vc_column_text]<div class=\"dfd-spacer-module\"  data-units=\"px\" data-wide_resolution=\"1280\" data-wide_size=\"30\" data-normal_resolution=\"1024\" data-normal_size=\"30\" data-tablet_resolution=\"800\" data-tablet_size=\"30\" data-mobile_resolution=\"480\" data-mobile_size=\"30\" style=\"height: 30px;\"><\/div>[vc_column_text]<\/p>\n<p style=\"font-size: 18px; color: #333333;\"><strong>Dieser Vertrag unterliegt ausschlie\u00dflich dem Schweizer Recht.<\/strong><\/p>\n<p style=\"font-size: 18px; color: #333333;\"><strong>Die ausschlie\u00dfliche Zust\u00e4ndigkeit f\u00fcr alle Meinungsverschiedenheiten, die sich aus diesen Vereinbarungen ergeben k\u00f6nnen, liegt bei den Gerichten der Gemeinde Champ\u00e9ry VS.<\/strong><\/p>\n<p>[\/vc_column_text]<div class=\"dfd-spacer-module\"  data-units=\"px\" data-wide_resolution=\"1280\" data-wide_size=\"100\" data-normal_resolution=\"1024\" data-normal_size=\"100\" data-tablet_resolution=\"800\" data-tablet_size=\"100\" data-mobile_resolution=\"480\" data-mobile_size=\"100\" style=\"height: 100px;\"><\/div>[\/vc_column][\/vc_row]<\/p>\n<\/div>","protected":false},"excerpt":{"rendered":"<p>[vc_row][vc_column][vc_column_text]Vereinbarungen und \u00c4nderungen, die die Buchung von Leistungen des Hotels Schweiz betreffen, gelten f\u00fcr das Hotel erst dann als verbindlich und endg\u00fcltig, wenn sie vom Kunden und vom Hotel gegenseitig<\/p>\n","protected":false},"author":1,"featured_media":0,"parent":0,"menu_order":0,"comment_status":"closed","ping_status":"closed","template":"page-custom-with-header.php","meta":{"inline_featured_image":false,"footnotes":""},"class_list":["post-1805","page","type-page","status-publish","hentry"],"yoast_head":"<!-- This site is optimized with the Yoast SEO plugin v27.5 - https:\/\/yoast.com\/product\/yoast-seo-wordpress\/ -->\n<title>Allgemeine Gesch\u00e4ftsbedingungen - H\u00f4tel Suisse<\/title>\n<meta name=\"robots\" content=\"index, follow, max-snippet:-1, max-image-preview:large, max-video-preview:-1\" \/>\n<link rel=\"canonical\" href=\"https:\/\/hotelsuissechampery.ch\/de\/allgemeine-geschaeftsbedingungen\/\" \/>\n<meta property=\"og:locale\" content=\"de_DE\" \/>\n<meta property=\"og:type\" content=\"article\" \/>\n<meta property=\"og:title\" content=\"Allgemeine Gesch\u00e4ftsbedingungen - H\u00f4tel Suisse\" \/>\n<meta property=\"og:description\" content=\"[vc_row][vc_column][vc_column_text]Vereinbarungen und \u00c4nderungen, die die Buchung von Leistungen des Hotels Schweiz betreffen, gelten f\u00fcr das Hotel erst dann als verbindlich und endg\u00fcltig, wenn sie vom Kunden und vom Hotel gegenseitig\" \/>\n<meta property=\"og:url\" content=\"https:\/\/hotelsuissechampery.ch\/de\/allgemeine-geschaeftsbedingungen\/\" \/>\n<meta property=\"og:site_name\" content=\"H\u00f4tel Suisse\" \/>\n<meta property=\"article:modified_time\" content=\"2025-07-16T13:08:43+00:00\" \/>\n<meta name=\"twitter:card\" content=\"summary_large_image\" \/>\n<meta name=\"twitter:label1\" content=\"Gesch\u00e4tzte Lesezeit\" \/>\n\t<meta name=\"twitter:data1\" content=\"7\u00a0Minuten\" \/>\n<script type=\"application\/ld+json\" class=\"yoast-schema-graph\">{\"@context\":\"https:\\\/\\\/schema.org\",\"@graph\":[{\"@type\":\"WebPage\",\"@id\":\"https:\\\/\\\/hotelsuissechampery.ch\\\/de\\\/allgemeine-geschaeftsbedingungen\\\/\",\"url\":\"https:\\\/\\\/hotelsuissechampery.ch\\\/de\\\/allgemeine-geschaeftsbedingungen\\\/\",\"name\":\"Allgemeine Gesch\u00e4ftsbedingungen - H\u00f4tel Suisse\",\"isPartOf\":{\"@id\":\"https:\\\/\\\/hotelsuissechampery.ch\\\/de\\\/#website\"},\"datePublished\":\"2022-01-24T14:31:24+00:00\",\"dateModified\":\"2025-07-16T13:08:43+00:00\",\"breadcrumb\":{\"@id\":\"https:\\\/\\\/hotelsuissechampery.ch\\\/de\\\/allgemeine-geschaeftsbedingungen\\\/#breadcrumb\"},\"inLanguage\":\"de\",\"potentialAction\":[{\"@type\":\"ReadAction\",\"target\":[\"https:\\\/\\\/hotelsuissechampery.ch\\\/de\\\/allgemeine-geschaeftsbedingungen\\\/\"]}]},{\"@type\":\"BreadcrumbList\",\"@id\":\"https:\\\/\\\/hotelsuissechampery.ch\\\/de\\\/allgemeine-geschaeftsbedingungen\\\/#breadcrumb\",\"itemListElement\":[{\"@type\":\"ListItem\",\"position\":1,\"name\":\"Accueil\",\"item\":\"https:\\\/\\\/hotelsuissechampery.ch\\\/de\\\/\"},{\"@type\":\"ListItem\",\"position\":2,\"name\":\"Allgemeine Gesch\u00e4ftsbedingungen\"}]},{\"@type\":\"WebSite\",\"@id\":\"https:\\\/\\\/hotelsuissechampery.ch\\\/de\\\/#website\",\"url\":\"https:\\\/\\\/hotelsuissechampery.ch\\\/de\\\/\",\"name\":\"H\u00f4tel Suisse\",\"description\":\"Champ\u00e9ry\",\"potentialAction\":[{\"@type\":\"SearchAction\",\"target\":{\"@type\":\"EntryPoint\",\"urlTemplate\":\"https:\\\/\\\/hotelsuissechampery.ch\\\/de\\\/?s={search_term_string}\"},\"query-input\":{\"@type\":\"PropertyValueSpecification\",\"valueRequired\":true,\"valueName\":\"search_term_string\"}}],\"inLanguage\":\"de\"}]}<\/script>\n<!-- \/ Yoast SEO plugin. -->","yoast_head_json":{"title":"Allgemeine Gesch\u00e4ftsbedingungen - H\u00f4tel Suisse","robots":{"index":"index","follow":"follow","max-snippet":"max-snippet:-1","max-image-preview":"max-image-preview:large","max-video-preview":"max-video-preview:-1"},"canonical":"https:\/\/hotelsuissechampery.ch\/de\/allgemeine-geschaeftsbedingungen\/","og_locale":"de_DE","og_type":"article","og_title":"Allgemeine Gesch\u00e4ftsbedingungen - H\u00f4tel Suisse","og_description":"[vc_row][vc_column][vc_column_text]Vereinbarungen und \u00c4nderungen, die die Buchung von Leistungen des Hotels Schweiz betreffen, gelten f\u00fcr das Hotel erst dann als verbindlich und endg\u00fcltig, wenn sie vom Kunden und vom Hotel gegenseitig","og_url":"https:\/\/hotelsuissechampery.ch\/de\/allgemeine-geschaeftsbedingungen\/","og_site_name":"H\u00f4tel Suisse","article_modified_time":"2025-07-16T13:08:43+00:00","twitter_card":"summary_large_image","twitter_misc":{"Gesch\u00e4tzte Lesezeit":"7\u00a0Minuten"},"schema":{"@context":"https:\/\/schema.org","@graph":[{"@type":"WebPage","@id":"https:\/\/hotelsuissechampery.ch\/de\/allgemeine-geschaeftsbedingungen\/","url":"https:\/\/hotelsuissechampery.ch\/de\/allgemeine-geschaeftsbedingungen\/","name":"Allgemeine Gesch\u00e4ftsbedingungen - H\u00f4tel Suisse","isPartOf":{"@id":"https:\/\/hotelsuissechampery.ch\/de\/#website"},"datePublished":"2022-01-24T14:31:24+00:00","dateModified":"2025-07-16T13:08:43+00:00","breadcrumb":{"@id":"https:\/\/hotelsuissechampery.ch\/de\/allgemeine-geschaeftsbedingungen\/#breadcrumb"},"inLanguage":"de","potentialAction":[{"@type":"ReadAction","target":["https:\/\/hotelsuissechampery.ch\/de\/allgemeine-geschaeftsbedingungen\/"]}]},{"@type":"BreadcrumbList","@id":"https:\/\/hotelsuissechampery.ch\/de\/allgemeine-geschaeftsbedingungen\/#breadcrumb","itemListElement":[{"@type":"ListItem","position":1,"name":"Accueil","item":"https:\/\/hotelsuissechampery.ch\/de\/"},{"@type":"ListItem","position":2,"name":"Allgemeine Gesch\u00e4ftsbedingungen"}]},{"@type":"WebSite","@id":"https:\/\/hotelsuissechampery.ch\/de\/#website","url":"https:\/\/hotelsuissechampery.ch\/de\/","name":"H\u00f4tel Suisse","description":"Champ\u00e9ry","potentialAction":[{"@type":"SearchAction","target":{"@type":"EntryPoint","urlTemplate":"https:\/\/hotelsuissechampery.ch\/de\/?s={search_term_string}"},"query-input":{"@type":"PropertyValueSpecification","valueRequired":true,"valueName":"search_term_string"}}],"inLanguage":"de"}]}},"_links":{"self":[{"href":"https:\/\/hotelsuissechampery.ch\/de\/wp-json\/wp\/v2\/pages\/1805","targetHints":{"allow":["GET"]}}],"collection":[{"href":"https:\/\/hotelsuissechampery.ch\/de\/wp-json\/wp\/v2\/pages"}],"about":[{"href":"https:\/\/hotelsuissechampery.ch\/de\/wp-json\/wp\/v2\/types\/page"}],"author":[{"embeddable":true,"href":"https:\/\/hotelsuissechampery.ch\/de\/wp-json\/wp\/v2\/users\/1"}],"replies":[{"embeddable":true,"href":"https:\/\/hotelsuissechampery.ch\/de\/wp-json\/wp\/v2\/comments?post=1805"}],"version-history":[{"count":2,"href":"https:\/\/hotelsuissechampery.ch\/de\/wp-json\/wp\/v2\/pages\/1805\/revisions"}],"predecessor-version":[{"id":1808,"href":"https:\/\/hotelsuissechampery.ch\/de\/wp-json\/wp\/v2\/pages\/1805\/revisions\/1808"}],"wp:attachment":[{"href":"https:\/\/hotelsuissechampery.ch\/de\/wp-json\/wp\/v2\/media?parent=1805"}],"curies":[{"name":"wp","href":"https:\/\/api.w.org\/{rel}","templated":true}]}}