{"id":1932,"date":"2025-07-18T07:35:59","date_gmt":"2025-07-18T05:35:59","guid":{"rendered":"https:\/\/hotelsuissechampery.ch\/begruessungsheft\/"},"modified":"2025-07-18T14:11:30","modified_gmt":"2025-07-18T12:11:30","slug":"begruessungsheft","status":"publish","type":"page","link":"https:\/\/hotelsuissechampery.ch\/de\/begruessungsheft\/","title":{"rendered":"Begr\u00fc\u00dfungsheft"},"content":{"rendered":"<div class=\"wpb-content-wrapper\"><p>[vc_row][vc_column]<div class=\"dfd-heading-shortcode\"><div class=\"dfd-heading-module-wrap  text-center style_01 dfd-heading-69fa64b8b0398 dfd-disable-resposive-headings\" id=\"dfd-heading-69fa64b8b0398\" ><div class=\"inline-block\"><div class=\"dfd-heading-module\"><h2 class=\"widget-title dfd-title \" style=\"\">Allgemeines<\/h2><div class=\"dfd-heading-delimiter\"><\/div><\/div><\/div><\/div><script type=\"text\/javascript\">\r\n\t\t\t\t\t\t\t\t\t(function($) {\r\n\t\t\t\t\t\t\t\t\t\t$(\"head\").append(\"<style>.dfd-heading-69fa64b8b0398.dfd-heading-module-wrap .dfd-heading-module .dfd-heading-delimiter {border-bottom-style:solid;border-bottom-width:1px;width:100px;border-bottom-color:#dddddd;}.dfd-heading-69fa64b8b0398.dfd-heading-module-wrap .dfd-heading-module .dfd-heading-delimiter {margin-top:10px;margin-bottom:10px;}<\/style>\");\r\n\t\t\t\t\t\t\t\t\t})(jQuery);\r\n\t\t\t\t\t\t\t\t<\/script><\/div><div class=\"dfd-spacer-module\"  data-units=\"px\" data-wide_resolution=\"1280\" data-wide_size=\"50\" data-normal_resolution=\"1024\" data-normal_size=\"40\" data-tablet_resolution=\"800\" data-tablet_size=\"30\" data-mobile_resolution=\"480\" data-mobile_size=\"20\" style=\"height: 50px;\"><\/div>[\/vc_column][\/vc_row][vc_row el_class=&#8220;bullets-list&#8220;][vc_column width=&#8220;1\/2&#8243;][vc_column_text css=&#8220;&#8220;]<strong>\u00d6ffnungszeiten der Rezeption<\/strong><\/p>\n<ul>\n<li>Sommer: 8:00-20:00 Uhr<\/li>\n<li>Winter: 7.30-23.30 Uhr<\/li>\n<\/ul>\n<p><strong>Fr\u00fchst\u00fcck im Buffetstil<\/strong><\/p>\n<ul>\n<li>Sommer: 8h-10h<\/li>\n<li>Winter: 7:30-10:00 Uhr<\/li>\n<\/ul>\n<p><strong>Wifi<\/strong><\/p>\n<ul>\n<li>Name: hotelsuisse<\/li>\n<li>Passwort: haveanicestay<\/li>\n<\/ul>\n<p><strong>Check-out: 12 Uhr<\/strong><\/p>\n<ul>\n<li>Late check-out auf Anfrage: CHF 50.-<\/li>\n<\/ul>\n<p><strong>Dienstleistungen an der Rezeption<\/strong><\/p>\n<ul>\n<li>Reisegep\u00e4ck<\/li>\n<li>Safe<\/li>\n<\/ul>\n<p><strong>Urgences<\/strong><\/p>\n<ul>\n<li>Hotel und Rezeption : +41 24 479 07 07<\/li>\n<li>Ambulanz 144<\/li>\n<li>Polizei 112<\/li>\n<li>Feuerwehr 118<\/li>\n<\/ul>\n<p><strong>Parken<\/strong><\/p>\n<ul>\n<li>Au\u00dfen<\/li>\n<li>Kostenlos<\/li>\n<li>Verf\u00fcgbare Ladestation f\u00fcr EVs: CHF 30.-\/Ladung<\/li>\n<\/ul>\n<p>[\/vc_column_text]<div class=\"dfd-spacer-module\"  data-units=\"px\" data-wide_resolution=\"1280\" data-wide_size=\"0\" data-normal_resolution=\"1024\" data-normal_size=\"0\" data-tablet_resolution=\"800\" data-tablet_size=\"0\" data-mobile_resolution=\"480\" data-mobile_size=\"20\" style=\"height: 0px;\"><\/div>[\/vc_column][vc_column width=&#8220;1\/2&#8243;][vc_column_text css=&#8220;&#8220;]<strong>Verf\u00fcgbare Materialien<\/strong><\/p>\n<ul>\n<li>Set f\u00fcr die Z\u00e4hne<\/li>\n<li>N\u00e4h- und Schuhputzset<\/li>\n<li>Adapter und Ladeger\u00e4te<\/li>\n<li>Wecker<\/li>\n<\/ul>\n<p><strong>Video<\/strong><\/p>\n<ul>\n<li>Ein Video\u00fcberwachungssystem erfasst die \u00f6ffentlichen Bereiche des Hotels.<\/li>\n<\/ul>\n<p><strong>Brandschutz<\/strong><\/p>\n<ul>\n<li>Im gesamten Hotel ist eine umfassende Ausstattung mit Sprinklern, Rauchmeldern und Brandschutzvorrichtungen installiert.<\/li>\n<\/ul>\n<p><strong>In Notf\u00e4llen<\/strong><\/p>\n<ul>\n<li>Bewahren Sie Ruhe und geraten Sie nicht in Panik. Befolgen Sie die Notfallverfahren, die auf der R\u00fcckseite Ihrer T\u00fcr angeschlagen sind. Benutzen Sie bei einer Evakuierung nicht die Aufz\u00fcge.<\/li>\n<li>Benutzen Sie im Brandfall den n\u00e4chstgelegenen Notausgang, der von den Einsatzkr\u00e4ften oder der Feuerwehr ausgewiesen wird. Befolgen Sie die Anweisungen der Feuerwehr.<\/li>\n<li>Der Meeting Point befindet sich auf dem Kirchplatz<\/li>\n<\/ul>\n<p>[\/vc_column_text][\/vc_column][\/vc_row][vc_row][vc_column]<div class=\"dfd-spacer-module\"  data-units=\"px\" data-wide_resolution=\"1280\" data-wide_size=\"50\" data-normal_resolution=\"1024\" data-normal_size=\"40\" data-tablet_resolution=\"800\" data-tablet_size=\"30\" data-mobile_resolution=\"480\" data-mobile_size=\"20\" style=\"height: 50px;\"><\/div><div class=\"dfd-heading-shortcode\"><div class=\"dfd-heading-module-wrap  text-center style_01 dfd-heading-69fa64b8b05a5 dfd-disable-resposive-headings\" id=\"dfd-heading-69fa64b8b05a5\" ><div class=\"inline-block\"><div class=\"dfd-heading-module\"><h2 class=\"widget-title dfd-title \" style=\"\">Zimmer<\/h2><div class=\"dfd-heading-delimiter\"><\/div><\/div><\/div><\/div><script type=\"text\/javascript\">\r\n\t\t\t\t\t\t\t\t\t(function($) {\r\n\t\t\t\t\t\t\t\t\t\t$(\"head\").append(\"<style>.dfd-heading-69fa64b8b05a5.dfd-heading-module-wrap .dfd-heading-module .dfd-heading-delimiter {border-bottom-style:solid;border-bottom-width:1px;width:100px;border-bottom-color:#dddddd;}.dfd-heading-69fa64b8b05a5.dfd-heading-module-wrap .dfd-heading-module .dfd-heading-delimiter {margin-top:10px;margin-bottom:10px;}<\/style>\");\r\n\t\t\t\t\t\t\t\t\t})(jQuery);\r\n\t\t\t\t\t\t\t\t<\/script><\/div><div class=\"dfd-spacer-module\"  data-units=\"px\" data-wide_resolution=\"1280\" data-wide_size=\"50\" data-normal_resolution=\"1024\" data-normal_size=\"40\" data-tablet_resolution=\"800\" data-tablet_size=\"30\" data-mobile_resolution=\"480\" data-mobile_size=\"20\" style=\"height: 50px;\"><\/div>[\/vc_column][\/vc_row][vc_row el_class=&#8220;bullets-list&#8220;][vc_column width=&#8220;1\/2&#8243;][vc_column_text css=&#8220;&#8220;]<strong>Nichtraucher<\/strong><\/p>\n<ul>\n<li>Das gesamte Hotel ist komplett rauchfrei. Bei Nichtbeachtung dieser Ma\u00dfnahme wird eine zus\u00e4tzliche Reinigungsgeb\u00fchr von CHF 250 berechnet.<\/li>\n<\/ul>\n<p><strong>T\u00e4gliche Reinigung<\/strong>[\/vc_column_text]<div class=\"dfd-spacer-module\"  data-units=\"px\" data-wide_resolution=\"1280\" data-wide_size=\"0\" data-normal_resolution=\"1024\" data-normal_size=\"0\" data-tablet_resolution=\"800\" data-tablet_size=\"0\" data-mobile_resolution=\"480\" data-mobile_size=\"20\" style=\"height: 0px;\"><\/div>[\/vc_column][vc_column width=&#8220;1\/2&#8243;][vc_column_text css=&#8220;&#8220;]<strong>Extra W\u00e4sche und Kissen<\/strong><\/p>\n<ul>\n<li>Auf Anfrage an der Rezeption<\/li>\n<\/ul>\n<p><strong>Fernsehen<\/strong><\/p>\n<ul>\n<li>Leitfaden mit der mittleren Taste der Fernbedienung zug\u00e4nglich<\/li>\n<\/ul>\n<p>[\/vc_column_text][\/vc_column][\/vc_row][vc_row][vc_column]<div class=\"dfd-spacer-module\"  data-units=\"px\" data-wide_resolution=\"1280\" data-wide_size=\"50\" data-normal_resolution=\"1024\" data-normal_size=\"40\" data-tablet_resolution=\"800\" data-tablet_size=\"30\" data-mobile_resolution=\"480\" data-mobile_size=\"20\" style=\"height: 50px;\"><\/div><div class=\"dfd-heading-shortcode\"><div class=\"dfd-heading-module-wrap  text-center style_01 dfd-heading-69fa64b8b0713 dfd-disable-resposive-headings\" id=\"dfd-heading-69fa64b8b0713\" ><div class=\"inline-block\"><div class=\"dfd-heading-module\"><h2 class=\"widget-title dfd-title \" style=\"\">W\u00e4scherei<\/h2><div class=\"dfd-heading-delimiter\"><\/div><\/div><\/div><\/div><script type=\"text\/javascript\">\r\n\t\t\t\t\t\t\t\t\t(function($) {\r\n\t\t\t\t\t\t\t\t\t\t$(\"head\").append(\"<style>.dfd-heading-69fa64b8b0713.dfd-heading-module-wrap .dfd-heading-module .dfd-heading-delimiter {border-bottom-style:solid;border-bottom-width:1px;width:100px;border-bottom-color:#dddddd;}.dfd-heading-69fa64b8b0713.dfd-heading-module-wrap .dfd-heading-module .dfd-heading-delimiter {margin-top:10px;margin-bottom:10px;}<\/style>\");\r\n\t\t\t\t\t\t\t\t\t})(jQuery);\r\n\t\t\t\t\t\t\t\t<\/script><\/div><div class=\"dfd-spacer-module\"  data-units=\"px\" data-wide_resolution=\"1280\" data-wide_size=\"50\" data-normal_resolution=\"1024\" data-normal_size=\"40\" data-tablet_resolution=\"800\" data-tablet_size=\"30\" data-mobile_resolution=\"480\" data-mobile_size=\"20\" style=\"height: 50px;\"><\/div>[\/vc_column][\/vc_row][vc_row el_class=&#8220;bullets-list&#8220;][vc_column][vc_column_text css=&#8220;&#8220;]<\/p>\n<ul>\n<li>Bis zu 5kg : CHF 78.-*<\/li>\n<li>Bis zu 8kg : CHF 98.-*<\/li>\n<li>B\u00fcgelbrett: an der Rezeption erh\u00e4ltlich<\/li>\n<\/ul>\n<p><strong>Achtung<\/strong>: Die W\u00e4sche wird nicht geb\u00fcgelt, eventuelle Sch\u00e4den werden nicht erstattet und es dauert 48 Stunden, bis der Service eintrifft.[\/vc_column_text][\/vc_column][\/vc_row][vc_row][vc_column]<div class=\"dfd-spacer-module\"  data-units=\"px\" data-wide_resolution=\"1280\" data-wide_size=\"50\" data-normal_resolution=\"1024\" data-normal_size=\"40\" data-tablet_resolution=\"800\" data-tablet_size=\"30\" data-mobile_resolution=\"480\" data-mobile_size=\"20\" style=\"height: 50px;\"><\/div><div class=\"dfd-heading-shortcode\"><div class=\"dfd-heading-module-wrap  text-center style_01 dfd-heading-69fa64b8b0876 dfd-disable-resposive-headings\" id=\"dfd-heading-69fa64b8b0876\" ><div class=\"inline-block\"><div class=\"dfd-heading-module\"><h2 class=\"widget-title dfd-title \" style=\"\">Getr\u00e4nke und Snacks<\/h2><div class=\"dfd-heading-delimiter\"><\/div><\/div><\/div><\/div><script type=\"text\/javascript\">\r\n\t\t\t\t\t\t\t\t\t(function($) {\r\n\t\t\t\t\t\t\t\t\t\t$(\"head\").append(\"<style>.dfd-heading-69fa64b8b0876.dfd-heading-module-wrap .dfd-heading-module .dfd-heading-delimiter {border-bottom-style:solid;border-bottom-width:1px;width:100px;border-bottom-color:#dddddd;}.dfd-heading-69fa64b8b0876.dfd-heading-module-wrap .dfd-heading-module .dfd-heading-delimiter {margin-top:10px;margin-bottom:10px;}<\/style>\");\r\n\t\t\t\t\t\t\t\t\t})(jQuery);\r\n\t\t\t\t\t\t\t\t<\/script><\/div><div class=\"dfd-spacer-module\"  data-units=\"px\" data-wide_resolution=\"1280\" data-wide_size=\"50\" data-normal_resolution=\"1024\" data-normal_size=\"40\" data-tablet_resolution=\"800\" data-tablet_size=\"30\" data-mobile_resolution=\"480\" data-mobile_size=\"20\" style=\"height: 50px;\"><\/div>[\/vc_column][\/vc_row][vc_row el_class=&#8220;bullets-list&#8220;][vc_column width=&#8220;1\/2&#8243;][vc_column_text css=&#8220;&#8220;]<strong>Reduzierte Karte<\/strong><\/p>\n<p>Snacks:<\/p>\n<ul>\n<li>Lokale Wurst CHF 12.-<\/li>\n<li>Croquemonsieur CHF 5.-<\/li>\n<\/ul>\n<p>Getr\u00e4nke:<\/p>\n<ul>\n<li>Mineralwasser 1 lt CHF 7.-<\/li>\n<li>Soda und Saft 3 dl CHF 3.50<\/li>\n<li>Helles Bier 3 dl CHF 4.50<\/li>\n<li>Rotes Bier 3dl CHF 6.50<\/li>\n<li>IPA-Bier 3dl CHF 6.50<\/li>\n<li>Kaffee und Tee CHF 3.50<\/li>\n<li>Offene Weine 1 dl CHF 3.50 (Fendant \/ Johannisberg \/ Gamay)<\/li>\n<\/ul>\n<p>[\/vc_column_text]<div class=\"dfd-spacer-module\"  data-units=\"px\" data-wide_resolution=\"1280\" data-wide_size=\"0\" data-normal_resolution=\"1024\" data-normal_size=\"0\" data-tablet_resolution=\"800\" data-tablet_size=\"0\" data-mobile_resolution=\"480\" data-mobile_size=\"20\" style=\"height: 0px;\"><\/div>[\/vc_column][vc_column width=&#8220;1\/2&#8243;][vc_column_text css=&#8220;&#8220;]<strong>\u00d6ffnungszeiten<\/strong><\/p>\n<ul>\n<li>Hiver : Le Bar des Guides est ouvert durant la saison d\u2019hiver de 16h \u00e0 minuit 7j\/7<\/li>\n<li>Sommer: nach Zeitplan Rezeption, Service in den Lounges und auf den Terrassen<\/li>\n<\/ul>\n<p>[\/vc_column_text][\/vc_column][\/vc_row][vc_row][vc_column]<div class=\"dfd-spacer-module\"  data-units=\"px\" data-wide_resolution=\"1280\" data-wide_size=\"50\" data-normal_resolution=\"1024\" data-normal_size=\"40\" data-tablet_resolution=\"800\" data-tablet_size=\"30\" data-mobile_resolution=\"480\" data-mobile_size=\"20\" style=\"height: 50px;\"><\/div><div class=\"dfd-heading-shortcode\"><div class=\"dfd-heading-module-wrap  text-center style_01 dfd-heading-69fa64b8b0a7f dfd-disable-resposive-headings\" id=\"dfd-heading-69fa64b8b0a7f\" ><div class=\"inline-block\"><div class=\"dfd-heading-module\"><h2 class=\"widget-title dfd-title \" style=\"\">Gute Tipps<\/h2><div class=\"dfd-heading-delimiter\"><\/div><\/div><\/div><\/div><script type=\"text\/javascript\">\r\n\t\t\t\t\t\t\t\t\t(function($) {\r\n\t\t\t\t\t\t\t\t\t\t$(\"head\").append(\"<style>.dfd-heading-69fa64b8b0a7f.dfd-heading-module-wrap .dfd-heading-module .dfd-heading-delimiter {border-bottom-style:solid;border-bottom-width:1px;width:100px;border-bottom-color:#dddddd;}.dfd-heading-69fa64b8b0a7f.dfd-heading-module-wrap .dfd-heading-module .dfd-heading-delimiter {margin-top:10px;margin-bottom:10px;}<\/style>\");\r\n\t\t\t\t\t\t\t\t\t})(jQuery);\r\n\t\t\t\t\t\t\t\t<\/script><\/div><div class=\"dfd-spacer-module\"  data-units=\"px\" data-wide_resolution=\"1280\" data-wide_size=\"50\" data-normal_resolution=\"1024\" data-normal_size=\"40\" data-tablet_resolution=\"800\" data-tablet_size=\"30\" data-mobile_resolution=\"480\" data-mobile_size=\"20\" style=\"height: 50px;\"><\/div>[\/vc_column][\/vc_row][vc_row el_class=&#8220;bullets-list&#8220;][vc_column width=&#8220;1\/2&#8243;][vc_column_text css=&#8220;&#8220;]<strong>Restaurants im Dorf<\/strong><\/p>\n<ul>\n<li>Caf\u00e9 du Nord : schweizerische und lokale K\u00fcche<\/li>\n<li>At\u2019Home : franz\u00f6sische Brasserie<\/li>\n<li>Alta : italienisches Restaurant<\/li>\n<li>Caf\u00e9 du Centre : Ober Brasserie<\/li>\n<li>Le Gueullhi : Brasserie<\/li>\n<li>Chez Joe : hausgemachte Burger<\/li>\n<\/ul>\n<p><strong>Restaurants in H\u00f6henlagen<\/strong><\/p>\n<ul>\n<li>Cantine Surcoux : Bergk\u00fcche<\/li>\n<li>Cantine des Rives : Bergk\u00fcche<\/li>\n<li>Les Clavets : feine K\u00fcche<\/li>\n<li>Chez Coquoz : feine K\u00fcche<\/li>\n<li>Croix de Culet : Restaurant<\/li>\n<\/ul>\n<p>[\/vc_column_text]<div class=\"dfd-spacer-module\"  data-units=\"px\" data-wide_resolution=\"1280\" data-wide_size=\"0\" data-normal_resolution=\"1024\" data-normal_size=\"0\" data-tablet_resolution=\"800\" data-tablet_size=\"0\" data-mobile_resolution=\"480\" data-mobile_size=\"20\" style=\"height: 0px;\"><\/div>[\/vc_column][vc_column width=&#8220;1\/2&#8243;][vc_column_text css=&#8220;&#8220;]<strong>Verleih von Sportausr\u00fcstung (Skifahren, Klettern, Wandern,&#8230;)<\/strong><\/p>\n<ul>\n<li>Berra Sports: -10% f\u00fcr unsere Kunden auf Skiverleih<\/li>\n<\/ul>\n<p><strong>Skikurse<\/strong><\/p>\n<ul>\n<li>ESS: -5% f\u00fcr unsere Kunden<\/li>\n<\/ul>\n<p><strong>Tourismusb\u00fcro<\/strong><\/p>\n<ul>\n<li>Gegen\u00fcber der Kirche<\/li>\n<\/ul>\n<p><strong>Taxi<\/strong><\/p>\n<ul>\n<li>Taxi Champ\u00e9ry (Ginette) : +41 79 430 15 15<\/li>\n<\/ul>\n<p>[\/vc_column_text][\/vc_column][\/vc_row][vc_row][vc_column width=&#8220;2\/12&#8243;][\/vc_column][vc_column width=&#8220;8\/12&#8243;]<div class=\"dfd-spacer-module\"  data-units=\"px\" data-wide_resolution=\"1280\" data-wide_size=\"50\" data-normal_resolution=\"1024\" data-normal_size=\"40\" data-tablet_resolution=\"800\" data-tablet_size=\"30\" data-mobile_resolution=\"480\" data-mobile_size=\"20\" style=\"height: 50px;\"><\/div>[vc_column_text css=&#8220;&#8220;]<\/p>\n<p style=\"text-align: center;\"><strong>F\u00fcr weitere Informationen kommen Sie zu uns an die Rezeption: Wir sind von hier und freuen uns, Ihnen unsere Favoriten zu empfehlen, um Ihren Aufenthalt zu etwas Besonderem zu machen!<\/strong><\/p>\n<p>[\/vc_column_text]<div class=\"dfd-spacer-module\"  data-units=\"px\" data-wide_resolution=\"1280\" data-wide_size=\"50\" data-normal_resolution=\"1024\" data-normal_size=\"40\" data-tablet_resolution=\"800\" data-tablet_size=\"30\" data-mobile_resolution=\"480\" data-mobile_size=\"20\" style=\"height: 50px;\"><\/div>[\/vc_column][vc_column width=&#8220;2\/12&#8243;][\/vc_column][\/vc_row]<\/p>\n<\/div>","protected":false},"excerpt":{"rendered":"<p>[vc_row][vc_column][\/vc_column][\/vc_row][vc_row el_class=&#8220;bullets-list&#8220;][vc_column width=&#8220;1\/2&#8243;][vc_column_text css=&#8220;&#8220;]\u00d6ffnungszeiten der Rezeption Sommer: 8:00-20:00 Uhr Winter: 7.30-23.30 Uhr Fr\u00fchst\u00fcck im Buffetstil Sommer: 8h-10h Winter: 7:30-10:00 Uhr Wifi Name: hotelsuisse Passwort: haveanicestay Check-out: 12 Uhr Late check-out<\/p>\n","protected":false},"author":1,"featured_media":0,"parent":0,"menu_order":0,"comment_status":"closed","ping_status":"closed","template":"","meta":{"inline_featured_image":false,"footnotes":""},"class_list":["post-1932","page","type-page","status-publish","hentry"],"yoast_head":"<!-- This site is optimized with the Yoast SEO plugin v27.5 - https:\/\/yoast.com\/product\/yoast-seo-wordpress\/ -->\n<title>Begr\u00fc\u00dfungsheft - H\u00f4tel Suisse<\/title>\n<meta name=\"robots\" content=\"index, follow, max-snippet:-1, max-image-preview:large, max-video-preview:-1\" \/>\n<link rel=\"canonical\" href=\"https:\/\/hotelsuissechampery.ch\/de\/begruessungsheft\/\" \/>\n<meta property=\"og:locale\" content=\"de_DE\" \/>\n<meta property=\"og:type\" content=\"article\" \/>\n<meta property=\"og:title\" content=\"Begr\u00fc\u00dfungsheft - H\u00f4tel Suisse\" \/>\n<meta property=\"og:description\" content=\"[vc_row][vc_column][\/vc_column][\/vc_row][vc_row el_class=&#8220;bullets-list&#8220;][vc_column width=&#8220;1\/2&#8243;][vc_column_text css=&#8220;&#8220;]\u00d6ffnungszeiten der Rezeption Sommer: 8:00-20:00 Uhr Winter: 7.30-23.30 Uhr Fr\u00fchst\u00fcck im Buffetstil Sommer: 8h-10h Winter: 7:30-10:00 Uhr Wifi Name: hotelsuisse Passwort: haveanicestay Check-out: 12 Uhr Late check-out\" \/>\n<meta property=\"og:url\" content=\"https:\/\/hotelsuissechampery.ch\/de\/begruessungsheft\/\" \/>\n<meta property=\"og:site_name\" content=\"H\u00f4tel Suisse\" \/>\n<meta property=\"article:modified_time\" content=\"2025-07-18T12:11:30+00:00\" \/>\n<meta name=\"twitter:card\" content=\"summary_large_image\" \/>\n<meta name=\"twitter:label1\" content=\"Gesch\u00e4tzte Lesezeit\" \/>\n\t<meta name=\"twitter:data1\" content=\"4\u00a0Minuten\" \/>\n<script type=\"application\/ld+json\" class=\"yoast-schema-graph\">{\"@context\":\"https:\\\/\\\/schema.org\",\"@graph\":[{\"@type\":\"WebPage\",\"@id\":\"https:\\\/\\\/hotelsuissechampery.ch\\\/de\\\/begruessungsheft\\\/\",\"url\":\"https:\\\/\\\/hotelsuissechampery.ch\\\/de\\\/begruessungsheft\\\/\",\"name\":\"Begr\u00fc\u00dfungsheft - H\u00f4tel Suisse\",\"isPartOf\":{\"@id\":\"https:\\\/\\\/hotelsuissechampery.ch\\\/de\\\/#website\"},\"datePublished\":\"2025-07-18T05:35:59+00:00\",\"dateModified\":\"2025-07-18T12:11:30+00:00\",\"breadcrumb\":{\"@id\":\"https:\\\/\\\/hotelsuissechampery.ch\\\/de\\\/begruessungsheft\\\/#breadcrumb\"},\"inLanguage\":\"de\",\"potentialAction\":[{\"@type\":\"ReadAction\",\"target\":[\"https:\\\/\\\/hotelsuissechampery.ch\\\/de\\\/begruessungsheft\\\/\"]}]},{\"@type\":\"BreadcrumbList\",\"@id\":\"https:\\\/\\\/hotelsuissechampery.ch\\\/de\\\/begruessungsheft\\\/#breadcrumb\",\"itemListElement\":[{\"@type\":\"ListItem\",\"position\":1,\"name\":\"Accueil\",\"item\":\"https:\\\/\\\/hotelsuissechampery.ch\\\/de\\\/\"},{\"@type\":\"ListItem\",\"position\":2,\"name\":\"Begr\u00fc\u00dfungsheft\"}]},{\"@type\":\"WebSite\",\"@id\":\"https:\\\/\\\/hotelsuissechampery.ch\\\/de\\\/#website\",\"url\":\"https:\\\/\\\/hotelsuissechampery.ch\\\/de\\\/\",\"name\":\"H\u00f4tel Suisse\",\"description\":\"Champ\u00e9ry\",\"potentialAction\":[{\"@type\":\"SearchAction\",\"target\":{\"@type\":\"EntryPoint\",\"urlTemplate\":\"https:\\\/\\\/hotelsuissechampery.ch\\\/de\\\/?s={search_term_string}\"},\"query-input\":{\"@type\":\"PropertyValueSpecification\",\"valueRequired\":true,\"valueName\":\"search_term_string\"}}],\"inLanguage\":\"de\"}]}<\/script>\n<!-- \/ Yoast SEO plugin. -->","yoast_head_json":{"title":"Begr\u00fc\u00dfungsheft - H\u00f4tel Suisse","robots":{"index":"index","follow":"follow","max-snippet":"max-snippet:-1","max-image-preview":"max-image-preview:large","max-video-preview":"max-video-preview:-1"},"canonical":"https:\/\/hotelsuissechampery.ch\/de\/begruessungsheft\/","og_locale":"de_DE","og_type":"article","og_title":"Begr\u00fc\u00dfungsheft - H\u00f4tel Suisse","og_description":"[vc_row][vc_column][\/vc_column][\/vc_row][vc_row el_class=&#8220;bullets-list&#8220;][vc_column width=&#8220;1\/2&#8243;][vc_column_text css=&#8220;&#8220;]\u00d6ffnungszeiten der Rezeption Sommer: 8:00-20:00 Uhr Winter: 7.30-23.30 Uhr Fr\u00fchst\u00fcck im Buffetstil Sommer: 8h-10h Winter: 7:30-10:00 Uhr Wifi Name: hotelsuisse Passwort: haveanicestay Check-out: 12 Uhr Late check-out","og_url":"https:\/\/hotelsuissechampery.ch\/de\/begruessungsheft\/","og_site_name":"H\u00f4tel Suisse","article_modified_time":"2025-07-18T12:11:30+00:00","twitter_card":"summary_large_image","twitter_misc":{"Gesch\u00e4tzte Lesezeit":"4\u00a0Minuten"},"schema":{"@context":"https:\/\/schema.org","@graph":[{"@type":"WebPage","@id":"https:\/\/hotelsuissechampery.ch\/de\/begruessungsheft\/","url":"https:\/\/hotelsuissechampery.ch\/de\/begruessungsheft\/","name":"Begr\u00fc\u00dfungsheft - H\u00f4tel Suisse","isPartOf":{"@id":"https:\/\/hotelsuissechampery.ch\/de\/#website"},"datePublished":"2025-07-18T05:35:59+00:00","dateModified":"2025-07-18T12:11:30+00:00","breadcrumb":{"@id":"https:\/\/hotelsuissechampery.ch\/de\/begruessungsheft\/#breadcrumb"},"inLanguage":"de","potentialAction":[{"@type":"ReadAction","target":["https:\/\/hotelsuissechampery.ch\/de\/begruessungsheft\/"]}]},{"@type":"BreadcrumbList","@id":"https:\/\/hotelsuissechampery.ch\/de\/begruessungsheft\/#breadcrumb","itemListElement":[{"@type":"ListItem","position":1,"name":"Accueil","item":"https:\/\/hotelsuissechampery.ch\/de\/"},{"@type":"ListItem","position":2,"name":"Begr\u00fc\u00dfungsheft"}]},{"@type":"WebSite","@id":"https:\/\/hotelsuissechampery.ch\/de\/#website","url":"https:\/\/hotelsuissechampery.ch\/de\/","name":"H\u00f4tel Suisse","description":"Champ\u00e9ry","potentialAction":[{"@type":"SearchAction","target":{"@type":"EntryPoint","urlTemplate":"https:\/\/hotelsuissechampery.ch\/de\/?s={search_term_string}"},"query-input":{"@type":"PropertyValueSpecification","valueRequired":true,"valueName":"search_term_string"}}],"inLanguage":"de"}]}},"_links":{"self":[{"href":"https:\/\/hotelsuissechampery.ch\/de\/wp-json\/wp\/v2\/pages\/1932","targetHints":{"allow":["GET"]}}],"collection":[{"href":"https:\/\/hotelsuissechampery.ch\/de\/wp-json\/wp\/v2\/pages"}],"about":[{"href":"https:\/\/hotelsuissechampery.ch\/de\/wp-json\/wp\/v2\/types\/page"}],"author":[{"embeddable":true,"href":"https:\/\/hotelsuissechampery.ch\/de\/wp-json\/wp\/v2\/users\/1"}],"replies":[{"embeddable":true,"href":"https:\/\/hotelsuissechampery.ch\/de\/wp-json\/wp\/v2\/comments?post=1932"}],"version-history":[{"count":12,"href":"https:\/\/hotelsuissechampery.ch\/de\/wp-json\/wp\/v2\/pages\/1932\/revisions"}],"predecessor-version":[{"id":1959,"href":"https:\/\/hotelsuissechampery.ch\/de\/wp-json\/wp\/v2\/pages\/1932\/revisions\/1959"}],"wp:attachment":[{"href":"https:\/\/hotelsuissechampery.ch\/de\/wp-json\/wp\/v2\/media?parent=1932"}],"curies":[{"name":"wp","href":"https:\/\/api.w.org\/{rel}","templated":true}]}}