{"id":1485,"date":"2022-06-28T16:13:09","date_gmt":"2022-06-28T14:13:09","guid":{"rendered":"https:\/\/hotelsuissechampery.ch\/gallery\/"},"modified":"2022-06-28T18:12:00","modified_gmt":"2022-06-28T16:12:00","slug":"gallery-photos","status":"publish","type":"page","link":"https:\/\/hotelsuissechampery.ch\/en\/gallery-photos\/","title":{"rendered":"Gallery"},"content":{"rendered":"<div class=\"wpb-content-wrapper\"><p>[vc_row][vc_column]<div class=\"dfd-spacer-module\"  data-units=\"px\" data-wide_resolution=\"1280\" data-wide_size=\"100\" data-normal_resolution=\"1024\" data-normal_size=\"100\" data-tablet_resolution=\"800\" data-tablet_size=\"100\" data-mobile_resolution=\"480\" data-mobile_size=\"100\" style=\"height: 100px;\"><\/div>[vc_row_inner][vc_column_inner width=&#8221;1\/3&#8243;]<div id=\"dfd-single-image-module69e46dc07b8a7-1770\" class=\"dfd-single-image-module  image-center dfd-image-scale\" ><a href=\"https:\/\/hotelsuissechampery.ch\/wp-content\/uploads\/2022\/03\/hotels_best.jpg\" title=\"Open in lightbox\" class=\"prettyPhoto\" data-thumb=\"https:\/\/hotelsuissechampery.ch\/wp-content\/uploads\/2022\/03\/hotels_best-150x150.jpg\" data-rel=\"prettyPhoto[]\"><img loading=\"lazy\" decoding=\"async\" src=\"https:\/\/hotelsuissechampery.ch\/wp-content\/uploads\/2022\/03\/hotels_best-1000x600.jpg\" width=\"1000\" height=\"600\"  alt=\"Chambre\" \/><\/a><\/div><div class=\"dfd-spacer-module\"  data-units=\"px\" data-wide_resolution=\"1280\" data-wide_size=\"\" data-normal_resolution=\"1024\" data-normal_size=\"\" data-tablet_resolution=\"800\" data-tablet_size=\"\" data-mobile_resolution=\"480\" data-mobile_size=\"20\" style=\"height: px;\"><\/div>[\/vc_column_inner][vc_column_inner width=&#8221;1\/3&#8243;]<div id=\"dfd-single-image-module69e46dc07bd81-3055\" class=\"dfd-single-image-module  image-center dfd-image-scale\" ><a href=\"https:\/\/hotelsuissechampery.ch\/wp-content\/uploads\/2022\/05\/Hotels-best-1.jpg\" title=\"Open in lightbox\" class=\"prettyPhoto\" data-thumb=\"https:\/\/hotelsuissechampery.ch\/wp-content\/uploads\/2022\/05\/Hotels-best-1-150x150.jpg\" data-rel=\"prettyPhoto[]\"><img loading=\"lazy\" decoding=\"async\" src=\"https:\/\/hotelsuissechampery.ch\/wp-content\/uploads\/2022\/05\/Hotels-best-1-1000x600.jpg\" width=\"1000\" height=\"600\"  alt=\"Chambre hotel's best\" \/><\/a><\/div><div class=\"dfd-spacer-module\"  data-units=\"px\" data-wide_resolution=\"1280\" data-wide_size=\"\" data-normal_resolution=\"1024\" data-normal_size=\"\" data-tablet_resolution=\"800\" data-tablet_size=\"\" data-mobile_resolution=\"480\" data-mobile_size=\"20\" style=\"height: px;\"><\/div>[\/vc_column_inner][vc_column_inner width=&#8221;1\/3&#8243;]<div id=\"dfd-single-image-module69e46dc07c1fc-2882\" class=\"dfd-single-image-module  image-center dfd-image-scale\" ><a href=\"https:\/\/hotelsuissechampery.ch\/wp-content\/uploads\/2022\/05\/Chambre-comfort-2.jpg\" title=\"Open in lightbox\" class=\"prettyPhoto\" data-thumb=\"https:\/\/hotelsuissechampery.ch\/wp-content\/uploads\/2022\/05\/Chambre-comfort-2-150x150.jpg\" data-rel=\"prettyPhoto[]\"><img loading=\"lazy\" decoding=\"async\" src=\"https:\/\/hotelsuissechampery.ch\/wp-content\/uploads\/2022\/05\/Chambre-comfort-2-1000x600.jpg\" width=\"1000\" height=\"600\"  alt=\"Chambre confort\" \/><\/a><\/div>[\/vc_column_inner][\/vc_row_inner]<div class=\"dfd-spacer-module\"  data-units=\"px\" data-wide_resolution=\"1280\" data-wide_size=\"20\" data-normal_resolution=\"1024\" data-normal_size=\"20\" data-tablet_resolution=\"800\" data-tablet_size=\"20\" data-mobile_resolution=\"480\" data-mobile_size=\"20\" style=\"height: 20px;\"><\/div>[vc_row_inner][vc_column_inner width=&#8221;1\/3&#8243;]<div id=\"dfd-single-image-module69e46dc07c65c-4813\" class=\"dfd-single-image-module  image-center dfd-image-scale\" ><a href=\"https:\/\/hotelsuissechampery.ch\/wp-content\/uploads\/2022\/05\/Chambre-standard-3.jpg\" title=\"Open in lightbox\" class=\"prettyPhoto\" data-thumb=\"https:\/\/hotelsuissechampery.ch\/wp-content\/uploads\/2022\/05\/Chambre-standard-3-150x150.jpg\" data-rel=\"prettyPhoto[]\"><img loading=\"lazy\" decoding=\"async\" src=\"https:\/\/hotelsuissechampery.ch\/wp-content\/uploads\/2022\/05\/Chambre-standard-3-1000x600.jpg\" width=\"1000\" height=\"600\"  alt=\"Salle de bain de la chambre standard\" \/><\/a><\/div><div class=\"dfd-spacer-module\"  data-units=\"px\" data-wide_resolution=\"1280\" data-wide_size=\"\" data-normal_resolution=\"1024\" data-normal_size=\"\" data-tablet_resolution=\"800\" data-tablet_size=\"\" data-mobile_resolution=\"480\" data-mobile_size=\"20\" style=\"height: px;\"><\/div>[\/vc_column_inner][vc_column_inner width=&#8221;1\/3&#8243;]<div id=\"dfd-single-image-module69e46dc07cadd-4380\" class=\"dfd-single-image-module  image-center dfd-image-scale\" ><a href=\"https:\/\/hotelsuissechampery.ch\/wp-content\/uploads\/2022\/05\/Chambre-confort-3.jpg\" title=\"Open in lightbox\" class=\"prettyPhoto\" data-thumb=\"https:\/\/hotelsuissechampery.ch\/wp-content\/uploads\/2022\/05\/Chambre-confort-3-150x150.jpg\" data-rel=\"prettyPhoto[]\"><img loading=\"lazy\" decoding=\"async\" src=\"https:\/\/hotelsuissechampery.ch\/wp-content\/uploads\/2022\/05\/Chambre-confort-3-1000x600.jpg\" width=\"1000\" height=\"600\"  alt=\"Salle de bain de la chambre confort\" \/><\/a><\/div><div class=\"dfd-spacer-module\"  data-units=\"px\" data-wide_resolution=\"1280\" data-wide_size=\"\" data-normal_resolution=\"1024\" data-normal_size=\"\" data-tablet_resolution=\"800\" data-tablet_size=\"\" data-mobile_resolution=\"480\" data-mobile_size=\"20\" style=\"height: px;\"><\/div>[\/vc_column_inner][vc_column_inner width=&#8221;1\/3&#8243;]<div id=\"dfd-single-image-module69e46dc07cf42-4388\" class=\"dfd-single-image-module  image-center dfd-image-scale\" ><a href=\"https:\/\/hotelsuissechampery.ch\/wp-content\/uploads\/2022\/05\/Hotels-best-3.jpg\" title=\"Open in lightbox\" class=\"prettyPhoto\" data-thumb=\"https:\/\/hotelsuissechampery.ch\/wp-content\/uploads\/2022\/05\/Hotels-best-3-150x150.jpg\" data-rel=\"prettyPhoto[]\"><img loading=\"lazy\" decoding=\"async\" src=\"https:\/\/hotelsuissechampery.ch\/wp-content\/uploads\/2022\/05\/Hotels-best-3-1000x600.jpg\" width=\"1000\" height=\"600\"  alt=\"Salle de bain de la chambre hotel's best\" \/><\/a><\/div>[\/vc_column_inner][\/vc_row_inner]<div class=\"dfd-spacer-module\"  data-units=\"px\" data-wide_resolution=\"1280\" data-wide_size=\"20\" data-normal_resolution=\"1024\" data-normal_size=\"20\" data-tablet_resolution=\"800\" data-tablet_size=\"20\" data-mobile_resolution=\"480\" data-mobile_size=\"20\" style=\"height: 20px;\"><\/div>[vc_row_inner][vc_column_inner width=&#8221;1\/3&#8243;]<div id=\"dfd-single-image-module69e46dc07d3a7-2198\" class=\"dfd-single-image-module  image-center dfd-image-scale\" ><a href=\"https:\/\/hotelsuissechampery.ch\/wp-content\/uploads\/2022\/06\/hotelsuisse_champery.jpg\" title=\"Open in lightbox\" class=\"prettyPhoto\" data-thumb=\"https:\/\/hotelsuissechampery.ch\/wp-content\/uploads\/2022\/06\/hotelsuisse_champery-150x150.jpg\" data-rel=\"prettyPhoto[]\"><img loading=\"lazy\" decoding=\"async\" src=\"https:\/\/hotelsuissechampery.ch\/wp-content\/uploads\/2022\/06\/hotelsuisse_champery-1000x600.jpg\" width=\"1000\" height=\"600\"  alt=\"H\u00f4tel Suisse Champ\u00e9ry\" \/><\/a><\/div><div class=\"dfd-spacer-module\"  data-units=\"px\" data-wide_resolution=\"1280\" data-wide_size=\"\" data-normal_resolution=\"1024\" data-normal_size=\"\" data-tablet_resolution=\"800\" data-tablet_size=\"\" data-mobile_resolution=\"480\" data-mobile_size=\"20\" style=\"height: px;\"><\/div>[\/vc_column_inner][vc_column_inner width=&#8221;1\/3&#8243;]<div id=\"dfd-single-image-module69e46dc07d818-578\" class=\"dfd-single-image-module  image-center dfd-image-scale\" ><a href=\"https:\/\/hotelsuissechampery.ch\/wp-content\/uploads\/2022\/01\/dents-du-midi.jpg\" title=\"Open in lightbox\" class=\"prettyPhoto\" data-thumb=\"https:\/\/hotelsuissechampery.ch\/wp-content\/uploads\/2022\/01\/dents-du-midi-150x150.jpg\" data-rel=\"prettyPhoto[]\"><img loading=\"lazy\" decoding=\"async\" src=\"https:\/\/hotelsuissechampery.ch\/wp-content\/uploads\/2022\/01\/dents-du-midi-1000x600.jpg\" width=\"1000\" height=\"600\"  alt=\"Les Dents du Midi\" \/><\/a><\/div><div class=\"dfd-spacer-module\"  data-units=\"px\" data-wide_resolution=\"1280\" data-wide_size=\"\" data-normal_resolution=\"1024\" data-normal_size=\"\" data-tablet_resolution=\"800\" data-tablet_size=\"\" data-mobile_resolution=\"480\" data-mobile_size=\"20\" style=\"height: px;\"><\/div>[\/vc_column_inner][vc_column_inner width=&#8221;1\/3&#8243;]<div id=\"dfd-single-image-module69e46dc07dca0-7883\" class=\"dfd-single-image-module  image-center dfd-image-scale\" ><a href=\"https:\/\/hotelsuissechampery.ch\/wp-content\/uploads\/2022\/05\/Ete\u0301-Randonne\u0301es.jpg\" title=\"Open in lightbox\" class=\"prettyPhoto\" data-thumb=\"https:\/\/hotelsuissechampery.ch\/wp-content\/uploads\/2022\/05\/Ete\u0301-Randonne\u0301es-150x150.jpg\" data-rel=\"prettyPhoto[]\"><img loading=\"lazy\" decoding=\"async\" src=\"https:\/\/hotelsuissechampery.ch\/wp-content\/uploads\/2022\/05\/Ete\u0301-Randonne\u0301es-1000x600.jpg\" width=\"1000\" height=\"600\"  alt=\"Les randonn\u00e9es en \u00e9t\u00e9 \u00e0 Champ\u00e9ry et sa r\u00e9gion\" \/><\/a><\/div>[\/vc_column_inner][\/vc_row_inner]<div class=\"dfd-spacer-module\"  data-units=\"px\" data-wide_resolution=\"1280\" data-wide_size=\"20\" data-normal_resolution=\"1024\" data-normal_size=\"20\" data-tablet_resolution=\"800\" data-tablet_size=\"20\" data-mobile_resolution=\"480\" data-mobile_size=\"20\" style=\"height: 20px;\"><\/div>[vc_row_inner][vc_column_inner width=&#8221;1\/3&#8243;]<div id=\"dfd-single-image-module69e46dc07e123-5625\" class=\"dfd-single-image-module  image-center dfd-image-scale\" ><a href=\"https:\/\/hotelsuissechampery.ch\/wp-content\/uploads\/2022\/05\/Espace-Coworking-1.jpg\" title=\"Open in lightbox\" class=\"prettyPhoto\" data-thumb=\"https:\/\/hotelsuissechampery.ch\/wp-content\/uploads\/2022\/05\/Espace-Coworking-1-150x150.jpg\" data-rel=\"prettyPhoto[]\"><img loading=\"lazy\" decoding=\"async\" src=\"https:\/\/hotelsuissechampery.ch\/wp-content\/uploads\/2022\/05\/Espace-Coworking-1-1000x600.jpg\" width=\"1000\" height=\"600\"  alt=\"L'espace coworking\" \/><\/a><\/div><div class=\"dfd-spacer-module\"  data-units=\"px\" data-wide_resolution=\"1280\" data-wide_size=\"\" data-normal_resolution=\"1024\" data-normal_size=\"\" data-tablet_resolution=\"800\" data-tablet_size=\"\" data-mobile_resolution=\"480\" data-mobile_size=\"20\" style=\"height: px;\"><\/div>[\/vc_column_inner][vc_column_inner width=&#8221;1\/3&#8243;]<div id=\"dfd-single-image-module69e46dc07e5ef-5025\" class=\"dfd-single-image-module  image-center dfd-image-scale\" ><a href=\"https:\/\/hotelsuissechampery.ch\/wp-content\/uploads\/2022\/01\/salle-seminaire-clin-oeil.jpg\" title=\"Open in lightbox\" class=\"prettyPhoto\" data-thumb=\"https:\/\/hotelsuissechampery.ch\/wp-content\/uploads\/2022\/01\/salle-seminaire-clin-oeil-150x150.jpg\" data-rel=\"prettyPhoto[]\"><img loading=\"lazy\" decoding=\"async\" src=\"https:\/\/hotelsuissechampery.ch\/wp-content\/uploads\/2022\/01\/salle-seminaire-clin-oeil-1000x600.jpg\" width=\"1000\" height=\"600\"  alt=\"salle de s\u00e9minaire\" \/><\/a><\/div><div class=\"dfd-spacer-module\"  data-units=\"px\" data-wide_resolution=\"1280\" data-wide_size=\"\" data-normal_resolution=\"1024\" data-normal_size=\"\" data-tablet_resolution=\"800\" data-tablet_size=\"\" data-mobile_resolution=\"480\" data-mobile_size=\"20\" style=\"height: px;\"><\/div>[\/vc_column_inner][vc_column_inner width=&#8221;1\/3&#8243;]<div id=\"dfd-single-image-module69e46dc07ea76-7401\" class=\"dfd-single-image-module  image-center dfd-image-scale\" ><a href=\"https:\/\/hotelsuissechampery.ch\/wp-content\/uploads\/2022\/05\/Salle-Dents-Blanches-4.jpg\" title=\"Open in lightbox\" class=\"prettyPhoto\" data-thumb=\"https:\/\/hotelsuissechampery.ch\/wp-content\/uploads\/2022\/05\/Salle-Dents-Blanches-4-150x150.jpg\" data-rel=\"prettyPhoto[]\"><img loading=\"lazy\" decoding=\"async\" src=\"https:\/\/hotelsuissechampery.ch\/wp-content\/uploads\/2022\/05\/Salle-Dents-Blanches-4-1000x600.jpg\" width=\"1000\" height=\"600\"  alt=\"Salle \"Dents Blanches\"\" \/><\/a><\/div>[\/vc_column_inner][\/vc_row_inner]<div class=\"dfd-spacer-module\"  data-units=\"px\" data-wide_resolution=\"1280\" data-wide_size=\"20\" data-normal_resolution=\"1024\" data-normal_size=\"20\" data-tablet_resolution=\"800\" data-tablet_size=\"20\" data-mobile_resolution=\"480\" data-mobile_size=\"20\" style=\"height: 20px;\"><\/div>[vc_row_inner][vc_column_inner width=&#8221;1\/3&#8243;]<div id=\"dfd-single-image-module69e46dc07eedc-2655\" class=\"dfd-single-image-module  image-center dfd-image-scale\" ><a href=\"https:\/\/hotelsuissechampery.ch\/wp-content\/uploads\/2022\/05\/veranda.jpg\" title=\"Open in lightbox\" class=\"prettyPhoto\" data-thumb=\"https:\/\/hotelsuissechampery.ch\/wp-content\/uploads\/2022\/05\/veranda-150x150.jpg\" data-rel=\"prettyPhoto[]\"><img loading=\"lazy\" decoding=\"async\" src=\"https:\/\/hotelsuissechampery.ch\/wp-content\/uploads\/2022\/05\/veranda-1000x600.jpg\" width=\"1000\" height=\"600\"  alt=\"Veranda\" \/><\/a><\/div><div class=\"dfd-spacer-module\"  data-units=\"px\" data-wide_resolution=\"1280\" data-wide_size=\"\" data-normal_resolution=\"1024\" data-normal_size=\"\" data-tablet_resolution=\"800\" data-tablet_size=\"\" data-mobile_resolution=\"480\" data-mobile_size=\"20\" style=\"height: px;\"><\/div>[\/vc_column_inner][vc_column_inner width=&#8221;1\/3&#8243;]<div id=\"dfd-single-image-module69e46dc07f337-6663\" class=\"dfd-single-image-module  image-center dfd-image-scale\" ><a href=\"https:\/\/hotelsuissechampery.ch\/wp-content\/uploads\/2022\/01\/cafe-hotel-suisse.jpg\" title=\"Open in lightbox\" class=\"prettyPhoto\" data-thumb=\"https:\/\/hotelsuissechampery.ch\/wp-content\/uploads\/2022\/01\/cafe-hotel-suisse-150x150.jpg\" data-rel=\"prettyPhoto[]\"><img loading=\"lazy\" decoding=\"async\" src=\"https:\/\/hotelsuissechampery.ch\/wp-content\/uploads\/2022\/01\/cafe-hotel-suisse-1000x600.jpg\" width=\"1000\" height=\"600\"  alt=\"Le tea-room de l'h\u00f4tel\" \/><\/a><\/div><div class=\"dfd-spacer-module\"  data-units=\"px\" data-wide_resolution=\"1280\" data-wide_size=\"\" data-normal_resolution=\"1024\" data-normal_size=\"\" data-tablet_resolution=\"800\" data-tablet_size=\"\" data-mobile_resolution=\"480\" data-mobile_size=\"20\" style=\"height: px;\"><\/div>[\/vc_column_inner][vc_column_inner width=&#8221;1\/3&#8243;]<div id=\"dfd-single-image-module69e46dc07f79f-3085\" class=\"dfd-single-image-module  image-center dfd-image-scale\" ><a href=\"https:\/\/hotelsuissechampery.ch\/wp-content\/uploads\/2022\/03\/terrasse_hotel_suisse.jpg\" title=\"Open in lightbox\" class=\"prettyPhoto\" data-thumb=\"https:\/\/hotelsuissechampery.ch\/wp-content\/uploads\/2022\/03\/terrasse_hotel_suisse-150x150.jpg\" data-rel=\"prettyPhoto[]\"><img loading=\"lazy\" decoding=\"async\" src=\"https:\/\/hotelsuissechampery.ch\/wp-content\/uploads\/2022\/03\/terrasse_hotel_suisse-1000x600.jpg\" width=\"1000\" height=\"600\"  alt=\"Petit coin chemin\u00e9e\" \/><\/a><\/div>[\/vc_column_inner][\/vc_row_inner]<div class=\"dfd-spacer-module\"  data-units=\"px\" data-wide_resolution=\"1280\" data-wide_size=\"100\" data-normal_resolution=\"1024\" data-normal_size=\"100\" data-tablet_resolution=\"800\" data-tablet_size=\"100\" data-mobile_resolution=\"480\" data-mobile_size=\"100\" style=\"height: 100px;\"><\/div>[\/vc_column][\/vc_row]<\/p>\n<\/div>","protected":false},"excerpt":{"rendered":"<p>[vc_row][vc_column][vc_row_inner][vc_column_inner width=&#8221;1\/3&#8243;][\/vc_column_inner][vc_column_inner width=&#8221;1\/3&#8243;][\/vc_column_inner][vc_column_inner width=&#8221;1\/3&#8243;][\/vc_column_inner][\/vc_row_inner][vc_row_inner][vc_column_inner width=&#8221;1\/3&#8243;][\/vc_column_inner][vc_column_inner width=&#8221;1\/3&#8243;][\/vc_column_inner][vc_column_inner width=&#8221;1\/3&#8243;][\/vc_column_inner][\/vc_row_inner][vc_row_inner][vc_column_inner width=&#8221;1\/3&#8243;][\/vc_column_inner][vc_column_inner width=&#8221;1\/3&#8243;][\/vc_column_inner][vc_column_inner width=&#8221;1\/3&#8243;][\/vc_column_inner][\/vc_row_inner][vc_row_inner][vc_column_inner width=&#8221;1\/3&#8243;][\/vc_column_inner][vc_column_inner width=&#8221;1\/3&#8243;][\/vc_column_inner][vc_column_inner width=&#8221;1\/3&#8243;][\/vc_column_inner][\/vc_row_inner][vc_row_inner][vc_column_inner width=&#8221;1\/3&#8243;][\/vc_column_inner][vc_column_inner width=&#8221;1\/3&#8243;][\/vc_column_inner][vc_column_inner width=&#8221;1\/3&#8243;][\/vc_column_inner][\/vc_row_inner][\/vc_column][\/vc_row]<\/p>\n","protected":false},"author":1,"featured_media":0,"parent":0,"menu_order":0,"comment_status":"closed","ping_status":"closed","template":"page-custom-with-header.php","meta":{"inline_featured_image":false,"footnotes":""},"class_list":["post-1485","page","type-page","status-publish","hentry"],"yoast_head":"<!-- This site is optimized with the Yoast SEO plugin v27.3 - https:\/\/yoast.com\/product\/yoast-seo-wordpress\/ -->\n<title>Gallery - H\u00f4tel Suisse<\/title>\n<meta name=\"robots\" content=\"index, follow, max-snippet:-1, max-image-preview:large, max-video-preview:-1\" \/>\n<link rel=\"canonical\" href=\"https:\/\/hotelsuissechampery.ch\/en\/gallery-photos\/\" \/>\n<meta property=\"og:locale\" content=\"en_US\" \/>\n<meta property=\"og:type\" content=\"article\" \/>\n<meta property=\"og:title\" content=\"Gallery - H\u00f4tel Suisse\" \/>\n<meta property=\"og:description\" content=\"[vc_row][vc_column][vc_row_inner][vc_column_inner width=&#8221;1\/3&#8243;][\/vc_column_inner][vc_column_inner width=&#8221;1\/3&#8243;][\/vc_column_inner][vc_column_inner width=&#8221;1\/3&#8243;][\/vc_column_inner][\/vc_row_inner][vc_row_inner][vc_column_inner width=&#8221;1\/3&#8243;][\/vc_column_inner][vc_column_inner width=&#8221;1\/3&#8243;][\/vc_column_inner][vc_column_inner width=&#8221;1\/3&#8243;][\/vc_column_inner][\/vc_row_inner][vc_row_inner][vc_column_inner width=&#8221;1\/3&#8243;][\/vc_column_inner][vc_column_inner width=&#8221;1\/3&#8243;][\/vc_column_inner][vc_column_inner width=&#8221;1\/3&#8243;][\/vc_column_inner][\/vc_row_inner][vc_row_inner][vc_column_inner width=&#8221;1\/3&#8243;][\/vc_column_inner][vc_column_inner width=&#8221;1\/3&#8243;][\/vc_column_inner][vc_column_inner width=&#8221;1\/3&#8243;][\/vc_column_inner][\/vc_row_inner][vc_row_inner][vc_column_inner width=&#8221;1\/3&#8243;][\/vc_column_inner][vc_column_inner width=&#8221;1\/3&#8243;][\/vc_column_inner][vc_column_inner width=&#8221;1\/3&#8243;][\/vc_column_inner][\/vc_row_inner][\/vc_column][\/vc_row]\" \/>\n<meta property=\"og:url\" content=\"https:\/\/hotelsuissechampery.ch\/en\/gallery-photos\/\" \/>\n<meta property=\"og:site_name\" content=\"H\u00f4tel Suisse\" \/>\n<meta property=\"article:modified_time\" content=\"2022-06-28T16:12:00+00:00\" \/>\n<meta name=\"twitter:card\" content=\"summary_large_image\" \/>\n<meta name=\"twitter:label1\" content=\"Est. reading time\" \/>\n\t<meta name=\"twitter:data1\" content=\"4 minutes\" \/>\n<script type=\"application\/ld+json\" class=\"yoast-schema-graph\">{\"@context\":\"https:\\\/\\\/schema.org\",\"@graph\":[{\"@type\":\"WebPage\",\"@id\":\"https:\\\/\\\/hotelsuissechampery.ch\\\/en\\\/gallery-photos\\\/\",\"url\":\"https:\\\/\\\/hotelsuissechampery.ch\\\/en\\\/gallery-photos\\\/\",\"name\":\"Gallery - H\u00f4tel Suisse\",\"isPartOf\":{\"@id\":\"https:\\\/\\\/hotelsuissechampery.ch\\\/en\\\/#website\"},\"datePublished\":\"2022-06-28T14:13:09+00:00\",\"dateModified\":\"2022-06-28T16:12:00+00:00\",\"breadcrumb\":{\"@id\":\"https:\\\/\\\/hotelsuissechampery.ch\\\/en\\\/gallery-photos\\\/#breadcrumb\"},\"inLanguage\":\"en-US\",\"potentialAction\":[{\"@type\":\"ReadAction\",\"target\":[\"https:\\\/\\\/hotelsuissechampery.ch\\\/en\\\/gallery-photos\\\/\"]}]},{\"@type\":\"BreadcrumbList\",\"@id\":\"https:\\\/\\\/hotelsuissechampery.ch\\\/en\\\/gallery-photos\\\/#breadcrumb\",\"itemListElement\":[{\"@type\":\"ListItem\",\"position\":1,\"name\":\"Accueil\",\"item\":\"https:\\\/\\\/hotelsuissechampery.ch\\\/en\\\/\"},{\"@type\":\"ListItem\",\"position\":2,\"name\":\"Gallery\"}]},{\"@type\":\"WebSite\",\"@id\":\"https:\\\/\\\/hotelsuissechampery.ch\\\/en\\\/#website\",\"url\":\"https:\\\/\\\/hotelsuissechampery.ch\\\/en\\\/\",\"name\":\"H\u00f4tel Suisse\",\"description\":\"Champ\u00e9ry\",\"potentialAction\":[{\"@type\":\"SearchAction\",\"target\":{\"@type\":\"EntryPoint\",\"urlTemplate\":\"https:\\\/\\\/hotelsuissechampery.ch\\\/en\\\/?s={search_term_string}\"},\"query-input\":{\"@type\":\"PropertyValueSpecification\",\"valueRequired\":true,\"valueName\":\"search_term_string\"}}],\"inLanguage\":\"en-US\"}]}<\/script>\n<!-- \/ Yoast SEO plugin. -->","yoast_head_json":{"title":"Gallery - H\u00f4tel Suisse","robots":{"index":"index","follow":"follow","max-snippet":"max-snippet:-1","max-image-preview":"max-image-preview:large","max-video-preview":"max-video-preview:-1"},"canonical":"https:\/\/hotelsuissechampery.ch\/en\/gallery-photos\/","og_locale":"en_US","og_type":"article","og_title":"Gallery - H\u00f4tel Suisse","og_description":"[vc_row][vc_column][vc_row_inner][vc_column_inner width=&#8221;1\/3&#8243;][\/vc_column_inner][vc_column_inner width=&#8221;1\/3&#8243;][\/vc_column_inner][vc_column_inner width=&#8221;1\/3&#8243;][\/vc_column_inner][\/vc_row_inner][vc_row_inner][vc_column_inner width=&#8221;1\/3&#8243;][\/vc_column_inner][vc_column_inner width=&#8221;1\/3&#8243;][\/vc_column_inner][vc_column_inner width=&#8221;1\/3&#8243;][\/vc_column_inner][\/vc_row_inner][vc_row_inner][vc_column_inner width=&#8221;1\/3&#8243;][\/vc_column_inner][vc_column_inner width=&#8221;1\/3&#8243;][\/vc_column_inner][vc_column_inner width=&#8221;1\/3&#8243;][\/vc_column_inner][\/vc_row_inner][vc_row_inner][vc_column_inner width=&#8221;1\/3&#8243;][\/vc_column_inner][vc_column_inner width=&#8221;1\/3&#8243;][\/vc_column_inner][vc_column_inner width=&#8221;1\/3&#8243;][\/vc_column_inner][\/vc_row_inner][vc_row_inner][vc_column_inner width=&#8221;1\/3&#8243;][\/vc_column_inner][vc_column_inner width=&#8221;1\/3&#8243;][\/vc_column_inner][vc_column_inner width=&#8221;1\/3&#8243;][\/vc_column_inner][\/vc_row_inner][\/vc_column][\/vc_row]","og_url":"https:\/\/hotelsuissechampery.ch\/en\/gallery-photos\/","og_site_name":"H\u00f4tel Suisse","article_modified_time":"2022-06-28T16:12:00+00:00","twitter_card":"summary_large_image","twitter_misc":{"Est. reading time":"4 minutes"},"schema":{"@context":"https:\/\/schema.org","@graph":[{"@type":"WebPage","@id":"https:\/\/hotelsuissechampery.ch\/en\/gallery-photos\/","url":"https:\/\/hotelsuissechampery.ch\/en\/gallery-photos\/","name":"Gallery - H\u00f4tel Suisse","isPartOf":{"@id":"https:\/\/hotelsuissechampery.ch\/en\/#website"},"datePublished":"2022-06-28T14:13:09+00:00","dateModified":"2022-06-28T16:12:00+00:00","breadcrumb":{"@id":"https:\/\/hotelsuissechampery.ch\/en\/gallery-photos\/#breadcrumb"},"inLanguage":"en-US","potentialAction":[{"@type":"ReadAction","target":["https:\/\/hotelsuissechampery.ch\/en\/gallery-photos\/"]}]},{"@type":"BreadcrumbList","@id":"https:\/\/hotelsuissechampery.ch\/en\/gallery-photos\/#breadcrumb","itemListElement":[{"@type":"ListItem","position":1,"name":"Accueil","item":"https:\/\/hotelsuissechampery.ch\/en\/"},{"@type":"ListItem","position":2,"name":"Gallery"}]},{"@type":"WebSite","@id":"https:\/\/hotelsuissechampery.ch\/en\/#website","url":"https:\/\/hotelsuissechampery.ch\/en\/","name":"H\u00f4tel Suisse","description":"Champ\u00e9ry","potentialAction":[{"@type":"SearchAction","target":{"@type":"EntryPoint","urlTemplate":"https:\/\/hotelsuissechampery.ch\/en\/?s={search_term_string}"},"query-input":{"@type":"PropertyValueSpecification","valueRequired":true,"valueName":"search_term_string"}}],"inLanguage":"en-US"}]}},"_links":{"self":[{"href":"https:\/\/hotelsuissechampery.ch\/en\/wp-json\/wp\/v2\/pages\/1485","targetHints":{"allow":["GET"]}}],"collection":[{"href":"https:\/\/hotelsuissechampery.ch\/en\/wp-json\/wp\/v2\/pages"}],"about":[{"href":"https:\/\/hotelsuissechampery.ch\/en\/wp-json\/wp\/v2\/types\/page"}],"author":[{"embeddable":true,"href":"https:\/\/hotelsuissechampery.ch\/en\/wp-json\/wp\/v2\/users\/1"}],"replies":[{"embeddable":true,"href":"https:\/\/hotelsuissechampery.ch\/en\/wp-json\/wp\/v2\/comments?post=1485"}],"version-history":[{"count":1,"href":"https:\/\/hotelsuissechampery.ch\/en\/wp-json\/wp\/v2\/pages\/1485\/revisions"}],"predecessor-version":[{"id":1487,"href":"https:\/\/hotelsuissechampery.ch\/en\/wp-json\/wp\/v2\/pages\/1485\/revisions\/1487"}],"wp:attachment":[{"href":"https:\/\/hotelsuissechampery.ch\/en\/wp-json\/wp\/v2\/media?parent=1485"}],"curies":[{"name":"wp","href":"https:\/\/api.w.org\/{rel}","templated":true}]}}